{"id":31558,"date":"2023-11-13T10:15:08","date_gmt":"2023-11-13T09:15:08","guid":{"rendered":"https:\/\/francofolies.lu\/?page_id=31558"},"modified":"2025-09-01T19:10:00","modified_gmt":"2025-09-01T17:10:00","slug":"la-fabrik-des-francofolies","status":"publish","type":"page","link":"https:\/\/francofolies.lu\/en\/la-fabrik-des-francofolies\/","title":{"rendered":"La Fabrik des Francofolies"},"content":{"rendered":"","protected":false},"excerpt":{"rendered":"","protected":false},"author":2,"featured_media":0,"parent":0,"menu_order":0,"comment_status":"closed","ping_status":"closed","template":"","meta":{"footnotes":""},"class_list":["post-31558","page","type-page","status-publish","hentry"],"acf":[],"yoast_head":"<!-- This site is optimized with the Yoast SEO plugin v21.5 - https:\/\/yoast.com\/wordpress\/plugins\/seo\/ -->\n<title>La Fabrik des Francofolies Esch\/Alzette<\/title>\n<meta name=\"description\" content=\"La Fabrik des Francofolies est un projet d\u00e9di\u00e9 \u00e0 l\u2019accompagnement des artistes \u00e9mergents au Luxembourg. Postulez avant le 01\/12\/23 !\" \/>\n<meta name=\"robots\" content=\"index, follow, max-snippet:-1, max-image-preview:large, max-video-preview:-1\" \/>\n<link rel=\"canonical\" href=\"https:\/\/francofolies.lu\/en\/la-fabrik-des-francofolies\/\" \/>\n<meta property=\"og:locale\" content=\"en_US\" \/>\n<meta property=\"og:type\" content=\"article\" \/>\n<meta property=\"og:title\" content=\"La Fabrik des Francofolies Esch\/Alzette\" \/>\n<meta property=\"og:description\" content=\"La Fabrik des Francofolies est un projet d\u00e9di\u00e9 \u00e0 l\u2019accompagnement des artistes \u00e9mergents au Luxembourg. Postulez avant le 01\/12\/23 !\" \/>\n<meta property=\"og:url\" content=\"https:\/\/francofolies.lu\/en\/la-fabrik-des-francofolies\/\" \/>\n<meta property=\"og:site_name\" content=\"Francofolies - Esch \/ Alzette\" \/>\n<meta property=\"article:modified_time\" content=\"2025-09-01T17:10:00+00:00\" \/>\n<meta property=\"og:image\" content=\"https:\/\/francofolies.lu\/wp-content\/uploads\/2026\/03\/opengraph-franco.jpg\" \/>\n\t<meta property=\"og:image:width\" content=\"1200\" \/>\n\t<meta property=\"og:image:height\" content=\"630\" \/>\n\t<meta property=\"og:image:type\" content=\"image\/jpeg\" \/>\n<meta name=\"twitter:card\" content=\"summary_large_image\" \/>\n<script type=\"application\/ld+json\" class=\"yoast-schema-graph\">{\"@context\":\"https:\/\/schema.org\",\"@graph\":[{\"@type\":\"WebPage\",\"@id\":\"https:\/\/francofolies.lu\/en\/la-fabrik-des-francofolies\/\",\"url\":\"https:\/\/francofolies.lu\/en\/la-fabrik-des-francofolies\/\",\"name\":\"La Fabrik des Francofolies Esch\/Alzette\",\"isPartOf\":{\"@id\":\"https:\/\/francofolies.lu\/en\/#website\"},\"datePublished\":\"2023-11-13T09:15:08+00:00\",\"dateModified\":\"2025-09-01T17:10:00+00:00\",\"description\":\"La Fabrik des Francofolies est un projet d\u00e9di\u00e9 \u00e0 l\u2019accompagnement des artistes \u00e9mergents au Luxembourg. Postulez avant le 01\/12\/23 !\",\"breadcrumb\":{\"@id\":\"https:\/\/francofolies.lu\/en\/la-fabrik-des-francofolies\/#breadcrumb\"},\"inLanguage\":\"en-US\",\"potentialAction\":[{\"@type\":\"ReadAction\",\"target\":[\"https:\/\/francofolies.lu\/en\/la-fabrik-des-francofolies\/\"]}]},{\"@type\":\"BreadcrumbList\",\"@id\":\"https:\/\/francofolies.lu\/en\/la-fabrik-des-francofolies\/#breadcrumb\",\"itemListElement\":[{\"@type\":\"ListItem\",\"position\":1,\"name\":\"Accueil\",\"item\":\"https:\/\/francofolies.lu\/en\/\"},{\"@type\":\"ListItem\",\"position\":2,\"name\":\"La Fabrik des Francofolies\"}]},{\"@type\":\"WebSite\",\"@id\":\"https:\/\/francofolies.lu\/en\/#website\",\"url\":\"https:\/\/francofolies.lu\/en\/\",\"name\":\"Francofolies - Esch \/ Alzette\",\"description\":\"\",\"potentialAction\":[{\"@type\":\"SearchAction\",\"target\":{\"@type\":\"EntryPoint\",\"urlTemplate\":\"https:\/\/francofolies.lu\/en\/?s={search_term_string}\"},\"query-input\":\"required name=search_term_string\"}],\"inLanguage\":\"en-US\"}]}<\/script>\n<!-- \/ Yoast SEO plugin. -->","yoast_head_json":{"title":"La Fabrik des Francofolies Esch\/Alzette","description":"La Fabrik des Francofolies est un projet d\u00e9di\u00e9 \u00e0 l\u2019accompagnement des artistes \u00e9mergents au Luxembourg. Postulez avant le 01\/12\/23 !","robots":{"index":"index","follow":"follow","max-snippet":"max-snippet:-1","max-image-preview":"max-image-preview:large","max-video-preview":"max-video-preview:-1"},"canonical":"https:\/\/francofolies.lu\/en\/la-fabrik-des-francofolies\/","og_locale":"en_US","og_type":"article","og_title":"La Fabrik des Francofolies Esch\/Alzette","og_description":"La Fabrik des Francofolies est un projet d\u00e9di\u00e9 \u00e0 l\u2019accompagnement des artistes \u00e9mergents au Luxembourg. Postulez avant le 01\/12\/23 !","og_url":"https:\/\/francofolies.lu\/en\/la-fabrik-des-francofolies\/","og_site_name":"Francofolies - Esch \/ Alzette","article_modified_time":"2025-09-01T17:10:00+00:00","og_image":[{"width":1200,"height":630,"url":"https:\/\/francofolies.lu\/wp-content\/uploads\/2026\/03\/opengraph-franco.jpg","type":"image\/jpeg"}],"twitter_card":"summary_large_image","schema":{"@context":"https:\/\/schema.org","@graph":[{"@type":"WebPage","@id":"https:\/\/francofolies.lu\/en\/la-fabrik-des-francofolies\/","url":"https:\/\/francofolies.lu\/en\/la-fabrik-des-francofolies\/","name":"La Fabrik des Francofolies Esch\/Alzette","isPartOf":{"@id":"https:\/\/francofolies.lu\/en\/#website"},"datePublished":"2023-11-13T09:15:08+00:00","dateModified":"2025-09-01T17:10:00+00:00","description":"La Fabrik des Francofolies est un projet d\u00e9di\u00e9 \u00e0 l\u2019accompagnement des artistes \u00e9mergents au Luxembourg. Postulez avant le 01\/12\/23 !","breadcrumb":{"@id":"https:\/\/francofolies.lu\/en\/la-fabrik-des-francofolies\/#breadcrumb"},"inLanguage":"en-US","potentialAction":[{"@type":"ReadAction","target":["https:\/\/francofolies.lu\/en\/la-fabrik-des-francofolies\/"]}]},{"@type":"BreadcrumbList","@id":"https:\/\/francofolies.lu\/en\/la-fabrik-des-francofolies\/#breadcrumb","itemListElement":[{"@type":"ListItem","position":1,"name":"Accueil","item":"https:\/\/francofolies.lu\/en\/"},{"@type":"ListItem","position":2,"name":"La Fabrik des Francofolies"}]},{"@type":"WebSite","@id":"https:\/\/francofolies.lu\/en\/#website","url":"https:\/\/francofolies.lu\/en\/","name":"Francofolies - Esch \/ Alzette","description":"","potentialAction":[{"@type":"SearchAction","target":{"@type":"EntryPoint","urlTemplate":"https:\/\/francofolies.lu\/en\/?s={search_term_string}"},"query-input":"required name=search_term_string"}],"inLanguage":"en-US"}]}},"_links":{"self":[{"href":"https:\/\/francofolies.lu\/en\/wp-json\/wp\/v2\/pages\/31558","targetHints":{"allow":["GET"]}}],"collection":[{"href":"https:\/\/francofolies.lu\/en\/wp-json\/wp\/v2\/pages"}],"about":[{"href":"https:\/\/francofolies.lu\/en\/wp-json\/wp\/v2\/types\/page"}],"author":[{"embeddable":true,"href":"https:\/\/francofolies.lu\/en\/wp-json\/wp\/v2\/users\/2"}],"replies":[{"embeddable":true,"href":"https:\/\/francofolies.lu\/en\/wp-json\/wp\/v2\/comments?post=31558"}],"version-history":[{"count":5,"href":"https:\/\/francofolies.lu\/en\/wp-json\/wp\/v2\/pages\/31558\/revisions"}],"predecessor-version":[{"id":118236,"href":"https:\/\/francofolies.lu\/en\/wp-json\/wp\/v2\/pages\/31558\/revisions\/118236"}],"wp:attachment":[{"href":"https:\/\/francofolies.lu\/en\/wp-json\/wp\/v2\/media?parent=31558"}],"curies":[{"name":"wp","href":"https:\/\/api.w.org\/{rel}","templated":true}]}}